{"id":13,"date":"2023-09-05T17:15:23","date_gmt":"2023-09-05T20:15:23","guid":{"rendered":"https:\/\/arten.com.br\/novo\/?page_id=13"},"modified":"2023-10-19T12:15:13","modified_gmt":"2023-10-19T15:15:13","slug":"empresa","status":"publish","type":"page","link":"https:\/\/arten.com.br\/novo\/empresa\/","title":{"rendered":"EMPRESA"},"content":{"rendered":"\t\t<div data-elementor-type=\"wp-page\" data-elementor-id=\"13\" class=\"elementor elementor-13\" data-elementor-post-type=\"page\">\n\t\t\t\t<div class=\"elementor-element elementor-element-8af265f e-flex e-con-boxed e-con e-parent\" data-id=\"8af265f\" data-element_type=\"container\">\n\t\t\t\t\t<div class=\"e-con-inner\">\n\t\t\t\t<div class=\"elementor-element elementor-element-503a78a elementor-widget elementor-widget-heading\" data-id=\"503a78a\" data-element_type=\"widget\" data-widget_type=\"heading.default\">\n\t\t\t\t<div class=\"elementor-widget-container\">\n\t\t\t\t\t<h2 class=\"elementor-heading-title elementor-size-default\">conhe\u00e7a a arten<\/h2>\t\t\t\t<\/div>\n\t\t\t\t<\/div>\n\t\t\t\t<div class=\"elementor-element elementor-element-256a879 elementor-headline--style-highlight elementor-widget elementor-widget-animated-headline\" data-id=\"256a879\" data-element_type=\"widget\" data-settings=\"{&quot;marker&quot;:&quot;underline&quot;,&quot;highlighted_text&quot;:&quot;em Freios e Embreagens Industriais, Uni\\u00f5es Rotativas e Limitadores de Torque&quot;,&quot;headline_style&quot;:&quot;highlight&quot;,&quot;loop&quot;:&quot;yes&quot;,&quot;highlight_animation_duration&quot;:1200,&quot;highlight_iteration_delay&quot;:8000}\" data-widget_type=\"animated-headline.default\">\n\t\t\t\t<div class=\"elementor-widget-container\">\n\t\t\t\t\t\t\t<h3 class=\"elementor-headline\">\n\t\t\t\t\t<span class=\"elementor-headline-plain-text elementor-headline-text-wrapper\">ESPECIALIZADA<\/span>\n\t\t\t\t<span class=\"elementor-headline-dynamic-wrapper elementor-headline-text-wrapper\">\n\t\t\t\t\t<span class=\"elementor-headline-dynamic-text elementor-headline-text-active\">em Freios e Embreagens Industriais, Uni\u00f5es Rotativas e Limitadores de Torque<\/span>\n\t\t\t\t<\/span>\n\t\t\t\t<\/h3>\n\t\t\t\t\t\t<\/div>\n\t\t\t\t<\/div>\n\t\t\t\t\t<\/div>\n\t\t\t\t<\/div>\n\t\t<div class=\"elementor-element elementor-element-8d75d9e e-flex e-con-boxed e-con e-parent\" data-id=\"8d75d9e\" data-element_type=\"container\">\n\t\t\t\t\t<div class=\"e-con-inner\">\n\t\t\t\t<div class=\"elementor-element elementor-element-b020af5 elementor-widget__width-initial elementor-widget-tablet__width-initial elementor-widget elementor-widget-image\" data-id=\"b020af5\" data-element_type=\"widget\" data-widget_type=\"image.default\">\n\t\t\t\t<div class=\"elementor-widget-container\">\n\t\t\t\t\t\t\t\t\t\t\t\t\t\t\t<img fetchpriority=\"high\" decoding=\"async\" width=\"446\" height=\"664\" src=\"https:\/\/arten.com.br\/novo\/wp-content\/uploads\/2023\/10\/Pai.jpg\" class=\"attachment-large size-large wp-image-462\" alt=\"\" srcset=\"https:\/\/arten.com.br\/novo\/wp-content\/uploads\/2023\/10\/Pai.jpg 446w, https:\/\/arten.com.br\/novo\/wp-content\/uploads\/2023\/10\/Pai-202x300.jpg 202w\" sizes=\"(max-width: 446px) 100vw, 446px\" \/>\t\t\t\t\t\t\t\t\t\t\t\t\t\t\t<\/div>\n\t\t\t\t<\/div>\n\t\t\t\t<div class=\"elementor-element elementor-element-31d5dbc elementor-widget elementor-widget-text-editor\" data-id=\"31d5dbc\" data-element_type=\"widget\" data-widget_type=\"text-editor.default\">\n\t\t\t\t<div class=\"elementor-widget-container\">\n\t\t\t\t\t\t\t\t\t<div class=\"servicosesq\"><div class=\"texto_empresa\"><div class=\"texto_empresa\"><strong>Fundada por Arnaldo Teixeira em 1985, a ARTEN \u00e9 especialista em freios, embreagens, uni\u00f5es rotativas e limitadores de torque para os mais diversos mercados.<\/strong><br \/><br \/><\/div><div class=\"texto_empresa\">Somos parceiros dos principais fabricantes do mundo, como: Wichita, Warner Electric, Ompi, Coremo, Comintec, Eaton \/ Airflex, Merobel, Girol, entre outros. Mantemos um grande estoque de partes e pe\u00e7as para entrega imediata, al\u00e9m de possuirmos in\u00fameros contatos em todo o mundo e um departamento de importa\u00e7\u00e3o extremamente \u00e1gil para entregar seu pedido o mais r\u00e1pido poss\u00edvel. A ARTEN tamb\u00e9m desenha, fabrica e comercializa componentes e solu\u00e7\u00f5es personalizadas de transmiss\u00e3o de pot\u00eancia para atender as mais diversas necessidades do mercado em setores e aplica\u00e7\u00f5es como estamparia, siderurgia, embalagens, papel, minera\u00e7\u00e3o, qu\u00edmico, aliment\u00edcio etc.<br \/><br \/><\/div><div class=\"texto_empresa\">Dada a import\u00e2ncia em se tratar de um mercado cada vez mais globalizado, nossa empresa se diferencia, garantindo atendimento e resposta r\u00e1pida em qualquer lugar do Brasil.<br \/><br \/><\/div><div class=\"texto_empresa\">A estrat\u00e9gia da ARTEN sempre foi baseada na gera\u00e7\u00e3o e fideliza\u00e7\u00e3o dos clientes, conquistados atrav\u00e9s da confiabilidade dos produtos, facilidade de uso e manuten\u00e7\u00e3o, pre\u00e7os competitivos e pronta entrega. \u00c9 com orgulho que olhamos para nossos mais de trinta anos de mercado e percebermos que nunca perdemos o foco no que nos torna diferentes: VOC\u00ca!<\/div><\/div><\/div>\t\t\t\t\t\t\t\t<\/div>\n\t\t\t\t<\/div>\n\t\t\t\t\t<\/div>\n\t\t\t\t<\/div>\n\t\t\t\t<\/div>\n\t\t","protected":false},"excerpt":{"rendered":"<p>conhe\u00e7a a arten ESPECIALIZADA em Freios e Embreagens Industriais, Uni\u00f5es Rotativas e Limitadores de Torque Fundada por Arnaldo Teixeira em 1985, a ARTEN \u00e9 especialista em freios, embreagens, uni\u00f5es rotativas e limitadores de torque para os mais diversos mercados. Somos parceiros dos principais fabricantes do mundo, como: Wichita, Warner Electric, Ompi, Coremo, Comintec, Eaton \/ [&hellip;]<\/p>\n","protected":false},"author":1,"featured_media":0,"parent":0,"menu_order":0,"comment_status":"closed","ping_status":"closed","template":"elementor_header_footer","meta":{"footnotes":""},"class_list":["post-13","page","type-page","status-publish","hentry"],"_links":{"self":[{"href":"https:\/\/arten.com.br\/novo\/wp-json\/wp\/v2\/pages\/13","targetHints":{"allow":["GET"]}}],"collection":[{"href":"https:\/\/arten.com.br\/novo\/wp-json\/wp\/v2\/pages"}],"about":[{"href":"https:\/\/arten.com.br\/novo\/wp-json\/wp\/v2\/types\/page"}],"author":[{"embeddable":true,"href":"https:\/\/arten.com.br\/novo\/wp-json\/wp\/v2\/users\/1"}],"replies":[{"embeddable":true,"href":"https:\/\/arten.com.br\/novo\/wp-json\/wp\/v2\/comments?post=13"}],"version-history":[{"count":13,"href":"https:\/\/arten.com.br\/novo\/wp-json\/wp\/v2\/pages\/13\/revisions"}],"predecessor-version":[{"id":468,"href":"https:\/\/arten.com.br\/novo\/wp-json\/wp\/v2\/pages\/13\/revisions\/468"}],"wp:attachment":[{"href":"https:\/\/arten.com.br\/novo\/wp-json\/wp\/v2\/media?parent=13"}],"curies":[{"name":"wp","href":"https:\/\/api.w.org\/{rel}","templated":true}]}}